{"id":174,"date":"2022-12-03T18:42:10","date_gmt":"2022-12-03T17:42:10","guid":{"rendered":"http:\/\/soluprom.fr\/?page_id=174"},"modified":"2023-12-03T20:20:07","modified_gmt":"2023-12-03T19:20:07","slug":"notre-projet-vos-objectifs","status":"publish","type":"page","link":"http:\/\/soluprom.fr\/?page_id=174","title":{"rendered":"Objectifs"},"content":{"rendered":"\n<p>Notre proposition est celle de&nbsp;<strong>pallier au manque structurel ou fonctionnel<\/strong>&nbsp;pr\u00e9sent ou \u00e0 venir des professionnels de l\u2019immobilier ou op\u00e9rateurs occasionnels.&nbsp;&nbsp;<\/p>\n\n\n\n<p>Le but est de conseiller dans le montage d\u2019op\u00e9rations immobili\u00e8res en&nbsp;<strong>am\u00e9liorant les marges pr\u00e9visionnelles<\/strong>, les maintenir, mais aussi de&nbsp;<strong>transf\u00e9rer ses charges fixes<\/strong>&nbsp;(masse salariale, v\u00e9hicule, autres frais ect) \u00e0 un prestataire ext\u00e9rieur.<\/p>\n\n\n\n<p>L&rsquo;objectif affich\u00e9 est de permettre d\u2019<strong>all\u00e9ger ses charges de fonctionnement<\/strong> et donc d&rsquo;am\u00e9liorer la rentabilit\u00e9 et la solvabilit\u00e9 de son entreprise.&nbsp;<\/p>\n\n\n\n<p class=\"has-text-align-center\"><strong>24 Novembre 2023 <\/strong>: <strong>Soluprom Externalisation dans le Moniteur Immobilier <\/strong><a href=\"https:\/\/www.lemoniteur.fr\/article\/grand-est-soluprom-applique-l-externalisation-aux-promoteurs.2318438\">https:\/\/www.lemoniteur.fr\/article\/grand-est-soluprom-applique-l-externalisation-aux-promoteurs.2318438<\/a><\/p>\n\n\n<div class=\"wp-block-image\">\n<figure class=\"aligncenter size-large\"><img loading=\"lazy\" decoding=\"async\" width=\"678\" height=\"1024\" src=\"http:\/\/soluprom.fr\/wp-content\/uploads\/2023\/12\/IMG_3642-678x1024.jpg\" alt=\"\" class=\"wp-image-372\" srcset=\"http:\/\/soluprom.fr\/wp-content\/uploads\/2023\/12\/IMG_3642-678x1024.jpg 678w, http:\/\/soluprom.fr\/wp-content\/uploads\/2023\/12\/IMG_3642-199x300.jpg 199w, http:\/\/soluprom.fr\/wp-content\/uploads\/2023\/12\/IMG_3642-768x1160.jpg 768w, http:\/\/soluprom.fr\/wp-content\/uploads\/2023\/12\/IMG_3642-1017x1536.jpg 1017w, http:\/\/soluprom.fr\/wp-content\/uploads\/2023\/12\/IMG_3642.jpg 1034w\" sizes=\"auto, (max-width: 678px) 100vw, 678px\" \/><\/figure>\n<\/div>\n\n\n<div class=\"wp-block-buttons is-content-justification-center is-layout-flex wp-container-core-buttons-is-layout-16018d1d wp-block-buttons-is-layout-flex\">\n<div class=\"wp-block-button\"><a class=\"wp-block-button__link wp-element-button\">Activit\u00e9&nbsp;<\/a><\/div>\n<\/div>\n\n\n\n<p>SOLUPROM est une soci\u00e9t\u00e9 de conseils d\u00e9di\u00e9e aux professionnels de l\u2019immobilier d\u00e9sireux d\u2019adapter leur structure au rebondissement et ralentissement du march\u00e9 de la promotion immobili\u00e8re.&nbsp;<\/p>\n\n\n\n<p>Nous intervenons \u00e9galement aupr\u00e8s d&rsquo;op\u00e9rateurs occasionnels ou marchands de biens ayant besoin de conseils et d&rsquo;appui dans la gestion de leur projet immobilier et notamment pour faire face aux nouvelles r\u00e9glementations en mati\u00e8res d&rsquo;actifs immobiliers consid\u00e9r\u00e9s comme passoires thermiques.<\/p>\n\n\n\n<p>Nous couvrons l\u2019ensemble des \u00e9tapes d\u2019une op\u00e9ration immobili\u00e8re et mettant notre expertise au profit de nos clients afin d\u2019optimiser leurs projets et d\u2019all\u00e9ger leur charge de structure.<\/p>\n\n\n\n<div class=\"wp-block-buttons alignwide is-content-justification-center is-layout-flex wp-container-core-buttons-is-layout-16018d1d wp-block-buttons-is-layout-flex\">\n<div class=\"wp-block-button\"><a class=\"wp-block-button__link wp-element-button\">Naissance<\/a><\/div>\n<\/div>\n\n\n\n<p>La soci\u00e9t\u00e9 est le fruit d\u2019une r\u00e9flexion et d\u2019une exp\u00e9rience acquise en 15 ans dans le domaine de l\u2019immobilier. L\u2019analyse des fonctionnements des diff\u00e9rents op\u00e9rateurs immobiliers rencontr\u00e9s, aguerris ou occasionnels, ont \u00e9t\u00e9 la base de la r\u00e9flexion et la naissance de SOLUPROM Externalisation.&nbsp;<\/p>\n\n\n\n<p>Plut\u00f4t que de sectoriser chaque domaine de comp\u00e9tences&nbsp;; administratif, montage, juridique, technique, financier, commercial, n\u00e9gociation des travaux, relation clients etc., nous avons eu l\u2019id\u00e9e de regrouper ces domaines au sein d\u2019une seule et m\u00eame entit\u00e9 maitrisant chacun de ces domaines.&nbsp;<\/p>\n\n\n\n<div class=\"wp-block-buttons is-content-justification-center is-layout-flex wp-container-core-buttons-is-layout-16018d1d wp-block-buttons-is-layout-flex\">\n<div class=\"wp-block-button is-style-fill\"><a class=\"wp-block-button__link wp-element-button\">Contexte <\/a><\/div>\n<\/div>\n\n\n\n<p>Depuis la crise du Covid, les difficult\u00e9s d\u2019approvisionnement, la hausse du prix des mat\u00e9riaux, la hausse des taux d\u2019int\u00e9r\u00eat, et les coupes franches dans les dispositifs de d\u00e9fiscalisation, par voie de cons\u00e9quences, la rentabilit\u00e9 et le cash flow des op\u00e9rations immobili\u00e8res sont en d\u00e9clins.&nbsp;<\/p>\n\n\n\n<p>Le contre coup de la paup\u00e9risation des permis de construire dans les zones B1 commencent \u00e0 se faire ressentir.&nbsp;<\/p>\n\n\n\n<p>La baisse des contacts client fait pr\u00e9sager des difficult\u00e9s sur les rythmes de commercialisation. Le pr\u00e9sage de la hausse des stock durs pointe son nez avec potentiellement un impact sur les structures \u00e0 haute charges de fonctionnements.&nbsp;&nbsp;&nbsp;<\/p>\n\n\n\n<p>Notre projet s\u2019inscrit dans cette conjoncture pour proposer une alternative viable \u00e0 ce ralentissement, pr\u00e9sent et \u00e0 venir, des marges et r\u00e9sultats, et ceci principalement bas\u00e9 sur une gestion optimis\u00e9e et rationalis\u00e9e des projets confi\u00e9s mais \u00e9galement, sur un all\u00e8gement des frais de structures des Holding.&nbsp;<\/p>\n\n\n\n<p><\/p>\n\n\n\n<div class=\"wp-block-buttons is-content-justification-center is-layout-flex wp-container-core-buttons-is-layout-16018d1d wp-block-buttons-is-layout-flex\">\n<div class=\"wp-block-button\"><a class=\"wp-block-button__link wp-element-button\">Nos clients<\/a><\/div>\n<\/div>\n\n\n\n<ul class=\"wp-block-list\">\n<li>Vous n\u2019avez pas de comp\u00e9tences dans la conduite de projets (Ma\u00eetre d\u2019Ouvrage non professionnel)<\/li>\n\n\n\n<li>Vous \u00eates professionnel mais avec une structure l\u00e9g\u00e8re et vous n\u2019avez pas les ressources ou le temps n\u00e9cessaire pour monter et d\u00e9velopper une op\u00e9ration Immobili\u00e8re sp\u00e9cifique&nbsp;<\/li>\n\n\n\n<li>Si la complexit\u00e9, la taille ou la sp\u00e9cificit\u00e9 d\u2019un projet immobilier le n\u00e9cessite<\/li>\n<\/ul>\n\n\n\n<div class=\"wp-block-buttons is-content-justification-center is-layout-flex wp-container-core-buttons-is-layout-16018d1d wp-block-buttons-is-layout-flex\">\n<div class=\"wp-block-button\"><a class=\"wp-block-button__link wp-element-button\">Notre objectif <\/a><\/div>\n<\/div>\n\n\n\n<ul class=\"wp-block-list\">\n<li>Optimisation et s\u00e9curisation du cash-flow des soci\u00e9t\u00e9s support de programme&nbsp;et des projets<\/li>\n\n\n\n<li>All\u00e9ger les frais de structures de la holding et conservation de son cash-flow pour le mettre au service du d\u00e9veloppement.&nbsp;<\/li>\n\n\n\n<li>Gain de temps pour le dirigeant au profit du d\u00e9veloppement<\/li>\n<\/ul>\n","protected":false},"excerpt":{"rendered":"<p>Notre proposition est celle de&nbsp;pallier au manque structurel ou fonctionnel&nbsp;pr\u00e9sent ou \u00e0 venir des professionnels de l\u2019immobilier ou op\u00e9rateurs occasionnels.&nbsp;&nbsp; Le but est de conseiller dans le montage d\u2019op\u00e9rations immobili\u00e8res en&nbsp;am\u00e9liorant les marges pr\u00e9visionnelles, les maintenir, mais aussi de&nbsp;transf\u00e9rer ses charges fixes&nbsp;(masse salariale, v\u00e9hicule, autres frais ect) \u00e0 un prestataire ext\u00e9rieur. L&rsquo;objectif affich\u00e9 est de [&hellip;]<\/p>\n","protected":false},"author":1,"featured_media":0,"parent":0,"menu_order":0,"comment_status":"closed","ping_status":"closed","template":"","meta":{"footnotes":""},"class_list":["post-174","page","type-page","status-publish","hentry"],"_links":{"self":[{"href":"http:\/\/soluprom.fr\/index.php?rest_route=\/wp\/v2\/pages\/174","targetHints":{"allow":["GET"]}}],"collection":[{"href":"http:\/\/soluprom.fr\/index.php?rest_route=\/wp\/v2\/pages"}],"about":[{"href":"http:\/\/soluprom.fr\/index.php?rest_route=\/wp\/v2\/types\/page"}],"author":[{"embeddable":true,"href":"http:\/\/soluprom.fr\/index.php?rest_route=\/wp\/v2\/users\/1"}],"replies":[{"embeddable":true,"href":"http:\/\/soluprom.fr\/index.php?rest_route=%2Fwp%2Fv2%2Fcomments&post=174"}],"version-history":[{"count":24,"href":"http:\/\/soluprom.fr\/index.php?rest_route=\/wp\/v2\/pages\/174\/revisions"}],"predecessor-version":[{"id":380,"href":"http:\/\/soluprom.fr\/index.php?rest_route=\/wp\/v2\/pages\/174\/revisions\/380"}],"wp:attachment":[{"href":"http:\/\/soluprom.fr\/index.php?rest_route=%2Fwp%2Fv2%2Fmedia&parent=174"}],"curies":[{"name":"wp","href":"https:\/\/api.w.org\/{rel}","templated":true}]}}